{"id":113,"date":"2025-02-26T13:19:38","date_gmt":"2025-02-26T12:19:38","guid":{"rendered":"https:\/\/nina-naturnah.at\/?page_id=113"},"modified":"2025-02-28T15:17:05","modified_gmt":"2025-02-28T14:17:05","slug":"113-2","status":"publish","type":"page","link":"https:\/\/nina-naturnah.at\/?page_id=113","title":{"rendered":"Kontakt"},"content":{"rendered":"<p>[et_pb_section fb_built=&#8220;1&#8243; admin_label=&#8220;Header&#8220; _builder_version=&#8220;4.24.1&#8243; _module_preset=&#8220;default&#8220; custom_padding=&#8220;||0px||false|false&#8220; collapsed=&#8220;on&#8220; global_colors_info=&#8220;{}&#8220;][et_pb_row _builder_version=&#8220;4.24.1&#8243; _module_preset=&#8220;default&#8220; global_colors_info=&#8220;{}&#8220; custom_padding=&#8220;||9px|||&#8220;][et_pb_column type=&#8220;4_4&#8243; _builder_version=&#8220;4.24.1&#8243; _module_preset=&#8220;default&#8220; global_colors_info=&#8220;{}&#8220;][et_pb_text _builder_version=&#8220;4.24.1&#8243; _module_preset=&#8220;4e9102e5-8186-4529-8d7b-312021bd7c61&#8243; text_orientation=&#8220;center&#8220; global_colors_info=&#8220;{}&#8220;]<\/p>\n<h1>Kontakt<\/h1>\n<p>[\/et_pb_text][\/et_pb_column][\/et_pb_row][\/et_pb_section][et_pb_section fb_built=&#8220;1&#8243; admin_label=&#8220;Contact Info&#8220; _builder_version=&#8220;4.24.2&#8243; _module_preset=&#8220;default&#8220; collapsed=&#8220;on&#8220; global_colors_info=&#8220;{}&#8220; custom_padding=&#8220;11px||18px|||&#8220;][et_pb_row column_structure=&#8220;1_2,1_2&#8243; _builder_version=&#8220;4.27.4&#8243; _module_preset=&#8220;default&#8220; global_colors_info=&#8220;{}&#8220;][et_pb_column type=&#8220;1_2&#8243; _builder_version=&#8220;4.27.4&#8243; _module_preset=&#8220;default&#8220; global_colors_info=&#8220;{}&#8220;][et_pb_icon font_icon=&#8220;&#xf3c5;||fa||900&#8243; icon_color=&#8220;#000000&#8243; icon_width=&#8220;65px&#8220; _builder_version=&#8220;4.27.4&#8243; _module_preset=&#8220;default&#8220; global_colors_info=&#8220;{}&#8220;][\/et_pb_icon][et_pb_text _builder_version=&#8220;4.27.4&#8243; _module_preset=&#8220;default&#8220; global_colors_info=&#8220;{}&#8220;]<\/p>\n<h1 style=\"text-align: center;\">Standort<\/h1>\n<p>[\/et_pb_text][et_pb_text _builder_version=&#8220;4.27.4&#8243; _module_preset=&#8220;default&#8220; global_colors_info=&#8220;{}&#8220;]<\/p>\n<p style=\"text-align: center;\">Sobald es Veranstaltungen vor Ort gibt, <br \/>werden diese in\u00a0<br \/>8283 Bad Blumau und 8271 Wagerberg<br \/>stattfinden.<\/p>\n<p>[\/et_pb_text][et_pb_icon font_icon=&#8220;&#xf0e0;||fa||400&#8243; icon_color=&#8220;#000000&#8243; icon_width=&#8220;66px&#8220; _builder_version=&#8220;4.27.4&#8243; _module_preset=&#8220;default&#8220; global_colors_info=&#8220;{}&#8220;][\/et_pb_icon][et_pb_text _builder_version=&#8220;4.27.4&#8243; _module_preset=&#8220;default&#8220; global_colors_info=&#8220;{}&#8220;]<\/p>\n<h2 style=\"text-align: center;\">Kontakt<\/h2>\n<p>[\/et_pb_text][et_pb_text _builder_version=&#8220;4.27.4&#8243; _module_preset=&#8220;default&#8220; global_colors_info=&#8220;{}&#8220;]<\/p>\n<p style=\"text-align: center;\">kontakt@nina-naturnah.at<\/p>\n<p>[\/et_pb_text][\/et_pb_column][et_pb_column type=&#8220;1_2&#8243; _builder_version=&#8220;4.27.4&#8243; _module_preset=&#8220;default&#8220; global_colors_info=&#8220;{}&#8220;][et_pb_image src=&#8220;https:\/\/nina-naturnah.at\/wp-content\/uploads\/2025\/02\/ich_mit_Birkenblatt.jpeg&#8220; title_text=&#8220;ich_mit_Birkenblatt&#8220; _builder_version=&#8220;4.27.4&#8243; _module_preset=&#8220;default&#8220; global_colors_info=&#8220;{}&#8220;][\/et_pb_image][\/et_pb_column][\/et_pb_row][\/et_pb_section][et_pb_section fb_built=&#8220;1&#8243; admin_label=&#8220;Contact Form&#8220; _builder_version=&#8220;4.24.2&#8243; _module_preset=&#8220;default&#8220; collapsed=&#8220;on&#8220; global_colors_info=&#8220;{}&#8220; custom_padding=&#8220;14px|||||&#8220;][et_pb_row _builder_version=&#8220;4.24.1&#8243; _module_preset=&#8220;default&#8220; max_width=&#8220;900px&#8220; global_colors_info=&#8220;{}&#8220;][et_pb_column type=&#8220;4_4&#8243; _builder_version=&#8220;4.24.1&#8243; _module_preset=&#8220;default&#8220; global_colors_info=&#8220;{}&#8220;][et_pb_text _builder_version=&#8220;4.27.4&#8243; _module_preset=&#8220;c9fa8f20-3a54-4cef-86b4-3b159e5178b4&#8243; text_orientation=&#8220;center&#8220; global_colors_info=&#8220;{}&#8220;]<\/p>\n<h2>Sende mir eine Nachricht<\/h2>\n<p>[\/et_pb_text][et_pb_text _builder_version=&#8220;4.27.4&#8243; _module_preset=&#8220;default&#8220; global_colors_info=&#8220;{}&#8220;]<\/p>\n<p style=\"text-align: center;\">Ich freue mich sehr von dir zu h\u00f6ren. Seien es W\u00fcnsche zu m\u00f6glichen Themen, sonstige Fragen oder einfach nur ein Austausch.<\/p>\n<p>[\/et_pb_text][et_pb_contact_form captcha=&#8220;off&#8220; _builder_version=&#8220;4.24.1&#8243; _module_preset=&#8220;default&#8220; _unique_id=&#8220;37352547-b97b-4413-85e2-b00056b20234&#8243; form_field_background_color=&#8220;RGBA(255,255,255,0)&#8220; form_field_focus_text_color=&#8220;#000000&#8243; form_field_custom_padding=&#8220;|0px||0px|false|true&#8220; form_field_font=&#8220;Arial||||||||&#8220; form_field_font_size=&#8220;16px&#8220; form_field_line_height=&#8220;1.6em&#8220; custom_button=&#8220;on&#8220; button_text_size=&#8220;14px&#8220; button_text_color=&#8220;#FFFFFF&#8220; button_bg_color=&#8220;#000000&#8243; button_border_width=&#8220;0px&#8220; button_border_radius=&#8220;0px&#8220; button_letter_spacing=&#8220;0.1em&#8220; button_font=&#8220;Arial|700||on|||||&#8220; button_custom_padding=&#8220;20px|30px|20px|30px|true|true&#8220; form_field_font_size_tablet=&#8220;15px&#8220; form_field_font_size_phone=&#8220;14px&#8220; form_field_font_size_last_edited=&#8220;on|desktop&#8220; border_color_all=&#8220;#000000&#8243; border_width_bottom=&#8220;2px&#8220; locked=&#8220;off&#8220; global_colors_info=&#8220;{}&#8220;][et_pb_contact_field field_id=&#8220;Name&#8220; field_title=&#8220;Name&#8220; fullwidth_field=&#8220;on&#8220; _builder_version=&#8220;4.16&#8243; _module_preset=&#8220;default&#8220; global_colors_info=&#8220;{}&#8220; button_text_size__hover_enabled=&#8220;off&#8220; button_one_text_size__hover_enabled=&#8220;off&#8220; button_two_text_size__hover_enabled=&#8220;off&#8220; button_text_color__hover_enabled=&#8220;off&#8220; button_one_text_color__hover_enabled=&#8220;off&#8220; button_two_text_color__hover_enabled=&#8220;off&#8220; button_border_width__hover_enabled=&#8220;off&#8220; button_one_border_width__hover_enabled=&#8220;off&#8220; button_two_border_width__hover_enabled=&#8220;off&#8220; button_border_color__hover_enabled=&#8220;off&#8220; button_one_border_color__hover_enabled=&#8220;off&#8220; button_two_border_color__hover_enabled=&#8220;off&#8220; button_border_radius__hover_enabled=&#8220;off&#8220; button_one_border_radius__hover_enabled=&#8220;off&#8220; button_two_border_radius__hover_enabled=&#8220;off&#8220; button_letter_spacing__hover_enabled=&#8220;off&#8220; button_one_letter_spacing__hover_enabled=&#8220;off&#8220; button_two_letter_spacing__hover_enabled=&#8220;off&#8220; button_bg_color__hover_enabled=&#8220;off&#8220; button_one_bg_color__hover_enabled=&#8220;off&#8220; button_two_bg_color__hover_enabled=&#8220;off&#8220;][\/et_pb_contact_field][et_pb_contact_field field_id=&#8220;Email&#8220; field_title=&#8220;Email Address&#8220; field_type=&#8220;email&#8220; fullwidth_field=&#8220;on&#8220; _builder_version=&#8220;4.16&#8243; _module_preset=&#8220;default&#8220; global_colors_info=&#8220;{}&#8220; button_text_size__hover_enabled=&#8220;off&#8220; button_one_text_size__hover_enabled=&#8220;off&#8220; button_two_text_size__hover_enabled=&#8220;off&#8220; button_text_color__hover_enabled=&#8220;off&#8220; button_one_text_color__hover_enabled=&#8220;off&#8220; button_two_text_color__hover_enabled=&#8220;off&#8220; button_border_width__hover_enabled=&#8220;off&#8220; button_one_border_width__hover_enabled=&#8220;off&#8220; button_two_border_width__hover_enabled=&#8220;off&#8220; button_border_color__hover_enabled=&#8220;off&#8220; button_one_border_color__hover_enabled=&#8220;off&#8220; button_two_border_color__hover_enabled=&#8220;off&#8220; button_border_radius__hover_enabled=&#8220;off&#8220; button_one_border_radius__hover_enabled=&#8220;off&#8220; button_two_border_radius__hover_enabled=&#8220;off&#8220; button_letter_spacing__hover_enabled=&#8220;off&#8220; button_one_letter_spacing__hover_enabled=&#8220;off&#8220; button_two_letter_spacing__hover_enabled=&#8220;off&#8220; button_bg_color__hover_enabled=&#8220;off&#8220; button_one_bg_color__hover_enabled=&#8220;off&#8220; button_two_bg_color__hover_enabled=&#8220;off&#8220;][\/et_pb_contact_field][et_pb_contact_field field_id=&#8220;Message&#8220; field_title=&#8220;Message&#8220; field_type=&#8220;text&#8220; fullwidth_field=&#8220;on&#8220; _builder_version=&#8220;4.16&#8243; _module_preset=&#8220;default&#8220; global_colors_info=&#8220;{}&#8220; button_text_size__hover_enabled=&#8220;off&#8220; button_one_text_size__hover_enabled=&#8220;off&#8220; button_two_text_size__hover_enabled=&#8220;off&#8220; button_text_color__hover_enabled=&#8220;off&#8220; button_one_text_color__hover_enabled=&#8220;off&#8220; button_two_text_color__hover_enabled=&#8220;off&#8220; button_border_width__hover_enabled=&#8220;off&#8220; button_one_border_width__hover_enabled=&#8220;off&#8220; button_two_border_width__hover_enabled=&#8220;off&#8220; button_border_color__hover_enabled=&#8220;off&#8220; button_one_border_color__hover_enabled=&#8220;off&#8220; button_two_border_color__hover_enabled=&#8220;off&#8220; button_border_radius__hover_enabled=&#8220;off&#8220; button_one_border_radius__hover_enabled=&#8220;off&#8220; button_two_border_radius__hover_enabled=&#8220;off&#8220; button_letter_spacing__hover_enabled=&#8220;off&#8220; button_one_letter_spacing__hover_enabled=&#8220;off&#8220; button_two_letter_spacing__hover_enabled=&#8220;off&#8220; button_bg_color__hover_enabled=&#8220;off&#8220; button_one_bg_color__hover_enabled=&#8220;off&#8220; button_two_bg_color__hover_enabled=&#8220;off&#8220;][\/et_pb_contact_field][\/et_pb_contact_form][\/et_pb_column][\/et_pb_row][\/et_pb_section][et_pb_section fb_built=&#8220;1&#8243; admin_label=&#8220;Footer&#8220; _builder_version=&#8220;4.24.1&#8243; _module_preset=&#8220;default&#8220; background_color=&#8220;#000000&#8243; custom_padding=&#8220;|10%||10%|false|true&#8220; saved_tabs=&#8220;all&#8220; locked=&#8220;off&#8220; collapsed=&#8220;on&#8220; global_colors_info=&#8220;{}&#8220;][et_pb_row column_structure=&#8220;1_3,1_3,1_3&#8243; _builder_version=&#8220;4.24.2&#8243; _module_preset=&#8220;default&#8220; width=&#8220;100%&#8220; max_width=&#8220;2000px&#8220; global_colors_info=&#8220;{}&#8220;][et_pb_column type=&#8220;1_3&#8243; _builder_version=&#8220;4.24.1&#8243; _module_preset=&#8220;default&#8220; global_colors_info=&#8220;{}&#8220;][et_pb_text _builder_version=&#8220;4.27.4&#8243; _module_preset=&#8220;f666bdc5-4591-47c4-8e78-ccbd9f2d60b0&#8243; header_4_text_color=&#8220;#FFFFFF&#8220; custom_margin=&#8220;||10px||false|false&#8220; text_orientation_tablet=&#8220;center&#8220; text_orientation_phone=&#8220;center&#8220; text_orientation_last_edited=&#8220;on|tablet&#8220; global_colors_info=&#8220;{}&#8220;]<\/p>\n<h4>Naturnah mit Nina\u00a0<\/h4>\n<p>[\/et_pb_text][et_pb_text quote_border_color=&#8220;#FFFFFF&#8220; _builder_version=&#8220;4.27.4&#8243; _module_preset=&#8220;e8729e75-974e-4654-b298-6c788a3f1206&#8243; text_text_color=&#8220;#FFFFFF&#8220; link_text_color=&#8220;#FFFFFF&#8220; quote_text_color=&#8220;#FFFFFF&#8220; text_orientation_tablet=&#8220;center&#8220; text_orientation_phone=&#8220;center&#8220; text_orientation_last_edited=&#8220;on|tablet&#8220; global_colors_info=&#8220;{}&#8220;]<\/p>\n<p>kontakt@nina-naturnah.at<\/p>\n<p>[\/et_pb_text][\/et_pb_column][et_pb_column type=&#8220;1_3&#8243; _builder_version=&#8220;4.24.1&#8243; _module_preset=&#8220;default&#8220; global_colors_info=&#8220;{}&#8220;][et_pb_button button_url=&#8220;https:\/\/nina-naturnah.at\/?page_id=6&#8243; button_text=&#8220;zum Blog&#8220; button_alignment=&#8220;center&#8220; _builder_version=&#8220;4.27.4&#8243; _module_preset=&#8220;fe361443-bdd8-49b4-bce8-a70f663ac066&#8243; global_colors_info=&#8220;{}&#8220;][\/et_pb_button][\/et_pb_column][et_pb_column type=&#8220;1_3&#8243; _builder_version=&#8220;4.24.1&#8243; _module_preset=&#8220;default&#8220; global_colors_info=&#8220;{}&#8220;][et_pb_text _builder_version=&#8220;4.27.4&#8243; _module_preset=&#8220;default&#8220; global_colors_info=&#8220;{}&#8220;]<\/p>\n<p style=\"text-align: right;\"><a href=\"https:\/\/nina-naturnah.at\/?page_id=113\">Kontakt<\/a><\/p>\n<p style=\"text-align: right;\"><a href=\"https:\/\/nina-naturnah.at\/?page_id=121\">Datenschutz<\/a><\/p>\n<p>[\/et_pb_text][\/et_pb_column][\/et_pb_row][\/et_pb_section]<\/p>\n","protected":false},"excerpt":{"rendered":"<p>KontaktStandortSobald es Veranstaltungen vor Ort gibt, werden diese in\u00a08283 Bad Blumau und 8271 Wagerbergstattfinden.Kontaktkontakt@nina-naturnah.atSende mir eine NachrichtIch freue mich sehr von dir zu h\u00f6ren. Seien es W\u00fcnsche zu m\u00f6glichen Themen, sonstige Fragen oder einfach nur ein Austausch.Naturnah mit Nina\u00a0kontakt@nina-naturnah.atKontakt Datenschutz<\/p>\n","protected":false},"author":1,"featured_media":0,"parent":0,"menu_order":0,"comment_status":"closed","ping_status":"closed","template":"","meta":{"_et_pb_use_builder":"on","_et_pb_old_content":"","_et_gb_content_width":"","footnotes":""},"class_list":["post-113","page","type-page","status-publish","hentry"],"_links":{"self":[{"href":"https:\/\/nina-naturnah.at\/index.php?rest_route=\/wp\/v2\/pages\/113","targetHints":{"allow":["GET"]}}],"collection":[{"href":"https:\/\/nina-naturnah.at\/index.php?rest_route=\/wp\/v2\/pages"}],"about":[{"href":"https:\/\/nina-naturnah.at\/index.php?rest_route=\/wp\/v2\/types\/page"}],"author":[{"embeddable":true,"href":"https:\/\/nina-naturnah.at\/index.php?rest_route=\/wp\/v2\/users\/1"}],"replies":[{"embeddable":true,"href":"https:\/\/nina-naturnah.at\/index.php?rest_route=%2Fwp%2Fv2%2Fcomments&post=113"}],"version-history":[{"count":11,"href":"https:\/\/nina-naturnah.at\/index.php?rest_route=\/wp\/v2\/pages\/113\/revisions"}],"predecessor-version":[{"id":200,"href":"https:\/\/nina-naturnah.at\/index.php?rest_route=\/wp\/v2\/pages\/113\/revisions\/200"}],"wp:attachment":[{"href":"https:\/\/nina-naturnah.at\/index.php?rest_route=%2Fwp%2Fv2%2Fmedia&parent=113"}],"curies":[{"name":"wp","href":"https:\/\/api.w.org\/{rel}","templated":true}]}}