{"id":15,"date":"2025-02-25T11:02:31","date_gmt":"2025-02-25T10:02:31","guid":{"rendered":"https:\/\/nina-naturnah.at\/?page_id=15"},"modified":"2025-10-12T08:25:54","modified_gmt":"2025-10-12T06:25:54","slug":"home","status":"publish","type":"page","link":"https:\/\/nina-naturnah.at\/","title":{"rendered":"Home"},"content":{"rendered":"<p>[et_pb_section fb_built=&#8220;1&#8243; admin_label=&#8220;Header&#8220; _builder_version=&#8220;4.27.4&#8243; _module_preset=&#8220;default&#8220; use_background_color_gradient=&#8220;on&#8220; background_color_gradient_stops=&#8220;rgba(0,0,0,0.5) 0%|rgba(0,0,0,0.5) 100%&#8220; background_color_gradient_overlays_image=&#8220;on&#8220; background_image=&#8220;https:\/\/nina-naturnah.at\/wp-content\/uploads\/2025\/02\/Pflanzendruck_Header-scaled.jpeg&#8220; parallax=&#8220;on&#8220; custom_padding=&#8220;8%||8%||true|false&#8220; locked=&#8220;off&#8220; collapsed=&#8220;on&#8220; global_colors_info=&#8220;{}&#8220;][et_pb_row _builder_version=&#8220;4.24.2&#8243; _module_preset=&#8220;default&#8220; width=&#8220;90%&#8220; max_width=&#8220;2000px&#8220; locked=&#8220;off&#8220; global_colors_info=&#8220;{}&#8220;][et_pb_column type=&#8220;4_4&#8243; _builder_version=&#8220;4.24.1&#8243; _module_preset=&#8220;default&#8220; global_colors_info=&#8220;{}&#8220;][et_pb_image src=&#8220;https:\/\/nina-naturnah.at\/wp-content\/uploads\/2025\/02\/fine-dining-illustration-1@2x.png&#8220; title_text=&#8220;fine-dining-illustration-1@2x&#8220; align=&#8220;center&#8220; _builder_version=&#8220;4.24.1&#8243; _module_preset=&#8220;default&#8220; max_width=&#8220;80px&#8220; max_height=&#8220;120px&#8220; custom_margin=&#8220;||10px||false|false&#8220; global_colors_info=&#8220;{}&#8220;][\/et_pb_image][et_pb_text _builder_version=&#8220;4.24.2&#8243; _module_preset=&#8220;0b9cfa32-e0e4-4d75-937b-d693fc5149a7&#8243; header_text_color=&#8220;#FFFFFF&#8220; text_orientation=&#8220;center&#8220; custom_margin=&#8220;||10px||false|false&#8220; locked=&#8220;off&#8220; global_colors_info=&#8220;{}&#8220;]<\/p>\n<h1>NATURNAH mit Nina\u00a0<\/h1>\n<p>[\/et_pb_text][et_pb_text quote_border_color=&#8220;#FFFFFF&#8220; _builder_version=&#8220;4.24.2&#8243; _module_preset=&#8220;01fbccdb-ad0b-484f-bf07-5f99dc89521a&#8220; text_font=&#8220;Arial|||on|||||&#8220; text_text_color=&#8220;#FFFFFF&#8220; link_text_color=&#8220;#FFFFFF&#8220; quote_text_color=&#8220;#FFFFFF&#8220; text_orientation=&#8220;center&#8220; max_width=&#8220;900px&#8220; module_alignment=&#8220;center&#8220; custom_padding=&#8220;||0px|||&#8220; global_colors_info=&#8220;{}&#8220;]<\/p>\n<p><span>sch\u00f6n, dass du hier bist!<br \/>hier findest du meinen blog zum thema natur.\u00a0<\/span><\/p>\n<p>NATURVERBINDUNG &#8211; Pflanzen &#8211; tiere &#8211; heilkr\u00e4uter \u00a0&#8211; naturkosmetik\u00a0<span><\/span><\/p>\n<p>zuk\u00fcnftig wird es auch veranstaltungen und kurse geben. \u00a0<\/p>\n<p>[\/et_pb_text][\/et_pb_column][\/et_pb_row][\/et_pb_section][et_pb_section fb_built=&#8220;1&#8243; admin_label=&#8220;About&#8220; _builder_version=&#8220;4.27.4&#8243; _module_preset=&#8220;default&#8220; custom_padding=&#8220;||||true|false&#8220; locked=&#8220;off&#8220; collapsed=&#8220;on&#8220; global_colors_info=&#8220;{}&#8220;][et_pb_row column_structure=&#8220;1_2,1_2&#8243; _builder_version=&#8220;4.27.4&#8243; _module_preset=&#8220;default&#8220; global_colors_info=&#8220;{}&#8220;][et_pb_column type=&#8220;1_2&#8243; _builder_version=&#8220;4.24.1&#8243; _module_preset=&#8220;default&#8220; global_colors_info=&#8220;{}&#8220;][et_pb_text _builder_version=&#8220;4.27.4&#8243; _module_preset=&#8220;b19eae98-ab51-45fb-893c-57d08ddfbedc&#8220; global_colors_info=&#8220;{}&#8220;]<\/p>\n<p>\u00dcBER MICH<\/p>\n<p>[\/et_pb_text][et_pb_text _builder_version=&#8220;4.27.4&#8243; _module_preset=&#8220;ccdd200b-21ff-4570-a5ba-a6c4b8f14a6c&#8220; inline_fonts=&#8220;Aboreto&#8220; global_colors_info=&#8220;{}&#8220;]<\/p>\n<h3>Ich bin Nina.<\/h3>\n<h3>33 Jahre alt.\u00a0<\/h3>\n<h3>2-fach Mama.<\/h3>\n<h3>Zertifizierte Naturmentorin und Kr\u00e4uterp\u00e4dagogin.<\/h3>\n<p>&nbsp;<\/p>\n<h3><\/h3>\n<h4><a href=\"https:\/\/nina-naturnah.at\/?page_id=39\"><span style=\"text-decoration: underline;\"><span style=\"font-size: medium;\">mehr \u00fcber mich.<\/span><\/span>\u00a0<\/a><\/h4>\n<p>[\/et_pb_text][\/et_pb_column][et_pb_column type=&#8220;1_2&#8243; _builder_version=&#8220;4.24.1&#8243; _module_preset=&#8220;default&#8220; global_colors_info=&#8220;{}&#8220;][et_pb_image src=&#8220;https:\/\/nina-naturnah.at\/wp-content\/uploads\/2025\/02\/IMG_0856-scaled.jpeg&#8220; title_text=&#8220;Nina&#8220; _builder_version=&#8220;4.27.4&#8243; _module_preset=&#8220;default&#8220; global_colors_info=&#8220;{}&#8220;][\/et_pb_image][\/et_pb_column][\/et_pb_row][\/et_pb_section][et_pb_section fb_built=&#8220;1&#8243; _builder_version=&#8220;4.24.2&#8243; _module_preset=&#8220;default&#8220; custom_padding=&#8220;||||false|true&#8220; collapsed=&#8220;on&#8220; global_colors_info=&#8220;{}&#8220;][et_pb_row column_structure=&#8220;1_3,2_3&#8243; _builder_version=&#8220;4.27.4&#8243; _module_preset=&#8220;default&#8220; background_color=&#8220;#FFFFFF&#8220; width=&#8220;90%&#8220; max_width=&#8220;2000px&#8220; min_height=&#8220;501.7px&#8220; global_colors_info=&#8220;{}&#8220;][et_pb_column type=&#8220;1_3&#8243; _builder_version=&#8220;4.24.1&#8243; _module_preset=&#8220;default&#8220; custom_padding=&#8220;||||false|false&#8220; global_colors_info=&#8220;{}&#8220;][et_pb_image src=&#8220;https:\/\/nina-naturnah.at\/wp-content\/uploads\/2025\/02\/IMG_3934-scaled.jpeg&#8220; title_text=&#8220;Zubereitungen&#8220; _builder_version=&#8220;4.27.4&#8243; _module_preset=&#8220;default&#8220; scroll_vertical_motion_enable=&#8220;on&#8220; scroll_vertical_motion=&#8220;0|50|50|100|1|0|-1&#8243; hover_transition_duration_tablet=&#8220;&#8220; hover_transition_duration_phone=&#8220;0ms&#8220; hover_transition_duration_last_edited=&#8220;on|phone&#8220; hover_transition_speed_curve_tablet=&#8220;&#8220; hover_transition_speed_curve_phone=&#8220;&#8220; hover_transition_speed_curve_last_edited=&#8220;on|phone&#8220; locked=&#8220;off&#8220; global_colors_info=&#8220;{}&#8220;][\/et_pb_image][\/et_pb_column][et_pb_column type=&#8220;2_3&#8243; _builder_version=&#8220;4.24.2&#8243; _module_preset=&#8220;default&#8220; custom_padding=&#8220;||14vw||false|false&#8220; custom_padding_tablet=&#8220;||0%||false|false&#8220; custom_padding_phone=&#8220;||0%||false|false&#8220; custom_padding_last_edited=&#8220;on|tablet&#8220; global_colors_info=&#8220;{}&#8220;][et_pb_text _builder_version=&#8220;4.27.4&#8243; _module_preset=&#8220;ccdd200b-21ff-4570-a5ba-a6c4b8f14a6c&#8220; link_font=&#8220;||||on||||&#8220; custom_margin=&#8220;||10px||false|false&#8220; text_orientation_tablet=&#8220;&#8220; text_orientation_phone=&#8220;center&#8220; text_orientation_last_edited=&#8220;on|phone&#8220; locked=&#8220;off&#8220; global_colors_info=&#8220;{}&#8220;]<\/p>\n<h3>meine Themen im Blog<\/h3>\n<p>[\/et_pb_text][et_pb_text _builder_version=&#8220;4.27.4&#8243; _module_preset=&#8220;7f47000b-f0de-4427-ae6d-214fad6f2164&#8243; custom_margin_tablet=&#8220;&#8220; custom_margin_phone=&#8220;||0px||false|false&#8220; custom_margin_last_edited=&#8220;on|phone&#8220; custom_padding_tablet=&#8220;&#8220; custom_padding_phone=&#8220;&#8220; custom_padding_last_edited=&#8220;on|phone&#8220; locked=&#8220;off&#8220; global_colors_info=&#8220;{}&#8220;]<\/p>\n<p>In meinem Blog wird es um verschiedene Themenbereiche gehen, die Bezug zur Natur haben.<\/p>\n<p>Unter anderem erwarten euch folgende Themen:<\/p>\n<ul>\n<li>ein naturnahes Familienleben<\/li>\n<li>Wildpflanzen &amp; Wildtiere<\/li>\n<li>Heilpflanzen<\/li>\n<li>Rezepte f\u00fcr z.B. Oxymel, Tinkturen, Salben<\/li>\n<li>Rezepte f\u00fcr Naturkosmetik<\/li>\n<li>R\u00e4uchern<\/li>\n<li>Jahreskreisfeste<span style=\"font-size: 16px;\">\u00a0<\/span><\/li>\n<\/ul>\n<p>[\/et_pb_text][et_pb_button button_url=&#8220;https:\/\/nina-naturnah.at\/?page_id=6&#8243; button_text=&#8220;zum Blog&#8220; button_alignment_tablet=&#8220;&#8220; button_alignment_phone=&#8220;center&#8220; button_alignment_last_edited=&#8220;on|phone&#8220; _builder_version=&#8220;4.27.4&#8243; _module_preset=&#8220;default&#8220; custom_button=&#8220;on&#8220; button_text_color=&#8220;#000000&#8243; custom_margin_tablet=&#8220;&#8220; custom_margin_phone=&#8220;&#8220; custom_margin_last_edited=&#8220;on|phone&#8220; button_text_size_tablet=&#8220;&#8220; button_text_size_phone=&#8220;13px&#8220; button_text_size_last_edited=&#8220;on|phone&#8220; global_colors_info=&#8220;{}&#8220;][\/et_pb_button][\/et_pb_column][\/et_pb_row][et_pb_row column_structure=&#8220;1_2,1_2&#8243; _builder_version=&#8220;4.27.4&#8243; _module_preset=&#8220;default&#8220; width=&#8220;90%&#8220; max_width=&#8220;2000px&#8220; custom_margin=&#8220;|auto||auto|false|false&#8220; global_colors_info=&#8220;{}&#8220;][et_pb_column type=&#8220;1_2&#8243; _builder_version=&#8220;4.24.1&#8243; _module_preset=&#8220;default&#8220; global_colors_info=&#8220;{}&#8220;][et_pb_text _builder_version=&#8220;4.27.4&#8243; _module_preset=&#8220;ccdd200b-21ff-4570-a5ba-a6c4b8f14a6c&#8220; link_font=&#8220;||||on||||&#8220; text_orientation=&#8220;right&#8220; custom_margin=&#8220;||10px||false|false&#8220; text_orientation_tablet=&#8220;right&#8220; text_orientation_phone=&#8220;center&#8220; text_orientation_last_edited=&#8220;on|phone&#8220; locked=&#8220;off&#8220; global_colors_info=&#8220;{}&#8220;]<\/p>\n<h3>weitere Themen<\/h3>\n<p>[\/et_pb_text][et_pb_text _builder_version=&#8220;4.27.4&#8243; _module_preset=&#8220;7f47000b-f0de-4427-ae6d-214fad6f2164&#8243; text_orientation=&#8220;right&#8220; custom_margin_tablet=&#8220;&#8220; custom_margin_phone=&#8220;||0px||false|false&#8220; custom_margin_last_edited=&#8220;on|phone&#8220; locked=&#8220;off&#8220; global_colors_info=&#8220;{}&#8220;]<\/p>\n<p style=\"text-align: left;\">In weiterer Zukunft m\u00f6chte ich euch auch parallel zur Umsetzung in unserem zuk\u00fcnftigen Naturgarten bei diesen Themen mitnehmen:\u00a0<\/p>\n<p style=\"text-align: left;\">\n<ul>\n<li style=\"text-align: left;\">Wie lege ich eine Wildstr\u00e4ucherhecke an?\u00a0<\/li>\n<li style=\"text-align: left;\">Wie pflanze ich Obstb\u00e4ume?\u00a0<\/li>\n<li style=\"text-align: left;\">Warum ist eine Streuobstwiese so wertvoll?\u00a0<\/li>\n<li style=\"text-align: left;\">Wie lege ich meinen Gem\u00fcsegarten an?\u00a0<\/li>\n<li style=\"text-align: left;\">Welche Heilkr\u00e4uter kann ich selbst anbauen?\u00a0<\/li>\n<\/ul>\n<p>[\/et_pb_text][et_pb_button button_url=&#8220;https:\/\/nina-naturnah.at\/?page_id=6&#8243; button_text=&#8220;zum Blog&#8220; button_alignment=&#8220;right&#8220; button_alignment_tablet=&#8220;right&#8220; button_alignment_phone=&#8220;center&#8220; button_alignment_last_edited=&#8220;on|phone&#8220; _builder_version=&#8220;4.27.4&#8243; _module_preset=&#8220;default&#8220; custom_button=&#8220;on&#8220; button_text_color=&#8220;#000000&#8243; button_text_size_tablet=&#8220;&#8220; button_text_size_phone=&#8220;13px&#8220; button_text_size_last_edited=&#8220;on|phone&#8220; global_colors_info=&#8220;{}&#8220;][\/et_pb_button][\/et_pb_column][et_pb_column type=&#8220;1_2&#8243; _builder_version=&#8220;4.24.1&#8243; _module_preset=&#8220;default&#8220; global_colors_info=&#8220;{}&#8220;][et_pb_image src=&#8220;https:\/\/nina-naturnah.at\/wp-content\/uploads\/2025\/02\/IMG_2974-scaled.jpeg&#8220; title_text=&#8220;Lavendel&#8220; align_tablet=&#8220;&#8220; align_phone=&#8220;center&#8220; align_last_edited=&#8220;on|phone&#8220; _builder_version=&#8220;4.27.4&#8243; _module_preset=&#8220;default&#8220; max_width=&#8220;73%&#8220; global_colors_info=&#8220;{}&#8220;][\/et_pb_image][\/et_pb_column][\/et_pb_row][\/et_pb_section][et_pb_section fb_built=&#8220;1&#8243; admin_label=&#8220;Gallery&#8220; _builder_version=&#8220;4.24.2&#8243; _module_preset=&#8220;default&#8220; custom_padding=&#8220;0px||||false|false&#8220; locked=&#8220;off&#8220; collapsed=&#8220;on&#8220; global_colors_info=&#8220;{}&#8220;][et_pb_row column_structure=&#8220;1_3,1_3,1_3&#8243; _builder_version=&#8220;4.24.2&#8243; _module_preset=&#8220;default&#8220; width=&#8220;90%&#8220; max_width=&#8220;2000px&#8220; locked=&#8220;off&#8220; global_colors_info=&#8220;{}&#8220;][et_pb_column type=&#8220;1_3&#8243; _builder_version=&#8220;4.24.1&#8243; _module_preset=&#8220;default&#8220; global_colors_info=&#8220;{}&#8220;][et_pb_image src=&#8220;https:\/\/nina-naturnah.at\/wp-content\/uploads\/2025\/02\/Sonnenblume-Q-scaled.jpeg&#8220; title_text=&#8220;Sonnenblume-Q&#8220; _builder_version=&#8220;4.27.4&#8243; _module_preset=&#8220;default&#8220; global_colors_info=&#8220;{}&#8220;][\/et_pb_image][\/et_pb_column][et_pb_column type=&#8220;1_3&#8243; _builder_version=&#8220;4.24.1&#8243; _module_preset=&#8220;default&#8220; global_colors_info=&#8220;{}&#8220;][et_pb_image src=&#8220;https:\/\/nina-naturnah.at\/wp-content\/uploads\/2025\/02\/Tinkturen-scaled.jpeg&#8220; title_text=&#8220;Tinkturen&#8220; _builder_version=&#8220;4.27.4&#8243; _module_preset=&#8220;default&#8220; locked=&#8220;off&#8220; global_colors_info=&#8220;{}&#8220;][\/et_pb_image][\/et_pb_column][et_pb_column type=&#8220;1_3&#8243; _builder_version=&#8220;4.24.1&#8243; _module_preset=&#8220;default&#8220; global_colors_info=&#8220;{}&#8220;][et_pb_image src=&#8220;https:\/\/nina-naturnah.at\/wp-content\/uploads\/2025\/02\/Beifusskraenze-Q.jpeg&#8220; title_text=&#8220;Beifu\u00dfkr\u00e4nze-Q&#8220; _builder_version=&#8220;4.27.4&#8243; _module_preset=&#8220;default&#8220; locked=&#8220;off&#8220; global_colors_info=&#8220;{}&#8220;][\/et_pb_image][\/et_pb_column][\/et_pb_row][\/et_pb_section][et_pb_section fb_built=&#8220;1&#8243; admin_label=&#8220;Footer&#8220; _builder_version=&#8220;4.24.1&#8243; _module_preset=&#8220;default&#8220; background_color=&#8220;#000000&#8243; custom_padding=&#8220;|10%||10%|false|true&#8220; locked=&#8220;off&#8220; collapsed=&#8220;on&#8220; global_colors_info=&#8220;{}&#8220;][et_pb_row column_structure=&#8220;1_3,1_3,1_3&#8243; _builder_version=&#8220;4.24.2&#8243; _module_preset=&#8220;default&#8220; width=&#8220;100%&#8220; max_width=&#8220;2000px&#8220; global_colors_info=&#8220;{}&#8220;][et_pb_column type=&#8220;1_3&#8243; _builder_version=&#8220;4.24.1&#8243; _module_preset=&#8220;default&#8220; global_colors_info=&#8220;{}&#8220;][et_pb_text _builder_version=&#8220;4.24.1&#8243; _module_preset=&#8220;84bc7380-631f-43af-9594-45cb1a337cad&#8220; header_4_text_color=&#8220;#FFFFFF&#8220; custom_margin=&#8220;||10px||false|false&#8220; text_orientation_tablet=&#8220;center&#8220; text_orientation_phone=&#8220;center&#8220; text_orientation_last_edited=&#8220;on|tablet&#8220; global_colors_info=&#8220;{}&#8220;]<\/p>\n<h4>Naturnah mit Nina<\/h4>\n<p>[\/et_pb_text][et_pb_text quote_border_color=&#8220;#FFFFFF&#8220; _builder_version=&#8220;4.27.4&#8243; _module_preset=&#8220;7f47000b-f0de-4427-ae6d-214fad6f2164&#8243; text_text_color=&#8220;#FFFFFF&#8220; link_text_color=&#8220;#FFFFFF&#8220; quote_text_color=&#8220;#FFFFFF&#8220; custom_padding=&#8220;||0px|||&#8220; text_orientation_tablet=&#8220;center&#8220; text_orientation_phone=&#8220;center&#8220; text_orientation_last_edited=&#8220;on|tablet&#8220; global_colors_info=&#8220;{}&#8220;]<\/p>\n<p>kontakt@nina-naturnah.at<\/p>\n<p>[\/et_pb_text][\/et_pb_column][et_pb_column type=&#8220;1_3&#8243; _builder_version=&#8220;4.24.1&#8243; _module_preset=&#8220;default&#8220; global_colors_info=&#8220;{}&#8220;][et_pb_button button_url=&#8220;https:\/\/nina-naturnah.at\/?page_id=6&#8243; button_text=&#8220;zum Blog&#8220; button_alignment=&#8220;center&#8220; _builder_version=&#8220;4.27.4&#8243; _module_preset=&#8220;fda5e9bf-5437-4013-98c7-0ba803933f77&#8243; global_colors_info=&#8220;{}&#8220;][\/et_pb_button][\/et_pb_column][et_pb_column type=&#8220;1_3&#8243; _builder_version=&#8220;4.24.1&#8243; _module_preset=&#8220;default&#8220; global_colors_info=&#8220;{}&#8220;][et_pb_text _builder_version=&#8220;4.27.4&#8243; _module_preset=&#8220;default&#8220; global_colors_info=&#8220;{}&#8220;]<\/p>\n<p style=\"text-align: right;\"><a href=\"https:\/\/nina-naturnah.at\/?page_id=113\">Kontakt<\/a><\/p>\n<p style=\"text-align: right;\"><a href=\"https:\/\/nina-naturnah.at\/?page_id=121\">Datenschutz<\/a><\/p>\n<p>[\/et_pb_text][\/et_pb_column][\/et_pb_row][\/et_pb_section]<\/p>\n","protected":false},"excerpt":{"rendered":"<p>NATURNAH mit Nina\u00a0sch\u00f6n, dass du hier bist!hier findest du meinen blog zum thema natur.\u00a0 NATURVERBINDUNG &#8211; Pflanzen &#8211; tiere &#8211; heilkr\u00e4uter \u00a0&#8211; naturkosmetik\u00a0 zuk\u00fcnftig wird es auch veranstaltungen und kurse geben. \u00a0\u00dcBER MICHIch bin Nina. 33 Jahre alt.\u00a0 2-fach Mama. Zertifizierte Naturmentorin und Kr\u00e4uterp\u00e4dagogin. &nbsp; mehr \u00fcber mich.\u00a0meine Themen im BlogIn meinem Blog wird es [&hellip;]<\/p>\n","protected":false},"author":1,"featured_media":0,"parent":0,"menu_order":0,"comment_status":"closed","ping_status":"closed","template":"","meta":{"_et_pb_use_builder":"on","_et_pb_old_content":"","_et_gb_content_width":"","footnotes":""},"class_list":["post-15","page","type-page","status-publish","hentry"],"_links":{"self":[{"href":"https:\/\/nina-naturnah.at\/index.php?rest_route=\/wp\/v2\/pages\/15","targetHints":{"allow":["GET"]}}],"collection":[{"href":"https:\/\/nina-naturnah.at\/index.php?rest_route=\/wp\/v2\/pages"}],"about":[{"href":"https:\/\/nina-naturnah.at\/index.php?rest_route=\/wp\/v2\/types\/page"}],"author":[{"embeddable":true,"href":"https:\/\/nina-naturnah.at\/index.php?rest_route=\/wp\/v2\/users\/1"}],"replies":[{"embeddable":true,"href":"https:\/\/nina-naturnah.at\/index.php?rest_route=%2Fwp%2Fv2%2Fcomments&post=15"}],"version-history":[{"count":38,"href":"https:\/\/nina-naturnah.at\/index.php?rest_route=\/wp\/v2\/pages\/15\/revisions"}],"predecessor-version":[{"id":255,"href":"https:\/\/nina-naturnah.at\/index.php?rest_route=\/wp\/v2\/pages\/15\/revisions\/255"}],"wp:attachment":[{"href":"https:\/\/nina-naturnah.at\/index.php?rest_route=%2Fwp%2Fv2%2Fmedia&parent=15"}],"curies":[{"name":"wp","href":"https:\/\/api.w.org\/{rel}","templated":true}]}}