{"id":39,"date":"2025-02-25T13:39:18","date_gmt":"2025-02-25T12:39:18","guid":{"rendered":"https:\/\/nina-naturnah.at\/?page_id=39"},"modified":"2025-02-28T16:35:11","modified_gmt":"2025-02-28T15:35:11","slug":"ueber-mich","status":"publish","type":"page","link":"https:\/\/nina-naturnah.at\/?page_id=39","title":{"rendered":"\u00dcber mich"},"content":{"rendered":"<p>[et_pb_section fb_built=&#8220;1&#8243; admin_label=&#8220;Header&#8220; _builder_version=&#8220;4.27.4&#8243; _module_preset=&#8220;default&#8220; use_background_color_gradient=&#8220;on&#8220; background_color_gradient_stops=&#8220;rgba(0,0,0,0.5) 0%|rgba(0,0,0,0.5) 100%&#8220; background_color_gradient_overlays_image=&#8220;on&#8220; background_image=&#8220;https:\/\/nina-naturnah.at\/wp-content\/uploads\/2025\/02\/header_uebermich-scaled.jpeg&#8220; parallax=&#8220;on&#8220; custom_padding=&#8220;8%||8%||true|false&#8220; locked=&#8220;off&#8220; collapsed=&#8220;on&#8220; global_colors_info=&#8220;{}&#8220;][et_pb_row _builder_version=&#8220;4.24.2&#8243; _module_preset=&#8220;default&#8220; width=&#8220;90%&#8220; max_width=&#8220;900px&#8220; global_colors_info=&#8220;{}&#8220;][et_pb_column type=&#8220;4_4&#8243; _builder_version=&#8220;4.24.1&#8243; _module_preset=&#8220;default&#8220; global_colors_info=&#8220;{}&#8220;][et_pb_text _builder_version=&#8220;4.24.1&#8243; _module_preset=&#8220;84dbfe6b-e388-4131-80fa-69b863a8c77b&#8220; header_text_color=&#8220;#FFFFFF&#8220; text_orientation=&#8220;center&#8220; custom_margin=&#8220;||10px||false|false&#8220; custom_padding=&#8220;|0px||||&#8220; global_colors_info=&#8220;{}&#8220;]<\/p>\n<h1>ich bin nina &#8211; \u00a0und wieder naturnah seit ich mama bin.<\/h1>\n<p>[\/et_pb_text][\/et_pb_column][\/et_pb_row][\/et_pb_section][et_pb_section fb_built=&#8220;1&#8243; _builder_version=&#8220;4.27.4&#8243; _module_preset=&#8220;default&#8220; custom_padding=&#8220;||||false|false&#8220; global_colors_info=&#8220;{}&#8220;][et_pb_row column_structure=&#8220;1_2,1_2&#8243; _builder_version=&#8220;4.24.2&#8243; _module_preset=&#8220;default&#8220; width=&#8220;90%&#8220; max_width=&#8220;2000px&#8220; global_colors_info=&#8220;{}&#8220;][et_pb_column type=&#8220;1_2&#8243; _builder_version=&#8220;4.24.2&#8243; _module_preset=&#8220;default&#8220; global_colors_info=&#8220;{}&#8220;][et_pb_image src=&#8220;https:\/\/nina-naturnah.at\/wp-content\/uploads\/2025\/02\/IMG_8471-scaled.jpeg&#8220; title_text=&#8220;ich&#8220; _builder_version=&#8220;4.27.4&#8243; _module_preset=&#8220;default&#8220; locked=&#8220;off&#8220; global_colors_info=&#8220;{}&#8220;][\/et_pb_image][\/et_pb_column][et_pb_column type=&#8220;1_2&#8243; _builder_version=&#8220;4.24.2&#8243; _module_preset=&#8220;default&#8220; global_colors_info=&#8220;{}&#8220;][et_pb_text _builder_version=&#8220;4.24.2&#8243; _module_preset=&#8220;3837fb77-2446-475a-a2d6-c0cd120e0d3e&#8220; max_width=&#8220;440px&#8220; locked=&#8220;off&#8220; global_colors_info=&#8220;{}&#8220;]<\/p>\n<p>Mein Name ist Nina, genauer gesagt eigentlich Katharina. Eine sehr lange Zeit in meinem Leben war ich der Natur ganz fern. Ich war oberfl\u00e4chlich, bel\u00e4chelte &#8222;\u00d6kos&#8220; und jagte gef\u00fchlt dem beruflichen Erfolg hinterher. Bis zu dem Tag als mein Sohn unsere Welt komplett auf den Kopf gestellt hat. Doch fangen wir gerne vorne an:\u00a0<\/p>\n<p>Ich bin 1992 in Nieder\u00f6sterreich geboren, lebe aktuell auch noch gemeinsam mit meinem Partner und unseren beiden Kindern in Nieder\u00f6sterreich. Wir haben einen Hund, eine zugelaufene Katze, ein paar Zwergh\u00fchner und Fische.\u00a0<\/p>\n<p>Vor wenigen Jahren haben wir in der Steiermark eine kleine Teichanlage gekauft, die wir nebenberuflich zu einer naturnahen und nachhaltigen Fischzucht formen wollen.\u00a0<\/p>\n<p>Doch unser Hauptfokus liegt aktuell darauf unser Traumhaus zu bauen. Hierf\u00fcr haben wir ein gro\u00dfes St\u00fcck Land in der Oststeiermark gekauft und bauen nun seit 2024 hier unser zuk\u00fcnftiges Zuhause.\u00a0<\/p>\n<p>Seit der Geburt unseres Sohnes 2019 hat sich unser Leben radikal ver\u00e4ndert und unsere Werte und Vorstellungen eines gl\u00fccklichen Lebens haben sich vollkommen neu ausgerichtet. Dank meinem Mama-Sein habe ich auch wieder zur\u00fcck zur Natur gefunden und m\u00f6chte zuk\u00fcnftig auch anderen Menschen dabei helfen ihre Naturverbundenheit wieder zu st\u00e4rken bzw. erst gar nicht zu verlieren.\u00a0<\/p>\n<p>Ich liebe es verschiedenste Dinge aus der Natur zu verarbeiten &#8211; besonders Wildkr\u00e4uter und Heilpflanzen haben es mir angetan. Seit ich davon wei\u00df, mache ich fast unsere gesamte Familienkosmetik selbst, mache Oxymels, Tinkturen, Cremes und Teemischungen selbst, nutze \u00e4therische \u00d6le und viele andere Hausmittel.\u00a0<\/p>\n<p>Im diesem Blog m\u00f6chte ich nun gern nach und nach mein Wissen und meine Erfahrungen mit euch teilen und in naher Zukunft dann auch gerne Veranstaltungen und Kurse zu diesen Themen planen.\u00a0<\/p>\n<p>&nbsp;<\/p>\n<p>&nbsp;<\/p>\n<p>[\/et_pb_text][\/et_pb_column][\/et_pb_row][et_pb_row column_structure=&#8220;1_3,1_3,1_3&#8243; _builder_version=&#8220;4.27.4&#8243; _module_preset=&#8220;default&#8220; global_colors_info=&#8220;{}&#8220;][et_pb_column type=&#8220;1_3&#8243; _builder_version=&#8220;4.27.4&#8243; _module_preset=&#8220;default&#8220; global_colors_info=&#8220;{}&#8220;][et_pb_image src=&#8220;https:\/\/nina-naturnah.at\/wp-content\/uploads\/2025\/02\/IMG_8457-scaled.jpeg&#8220; title_text=&#8220;Wildniswind&#8220; _builder_version=&#8220;4.27.4&#8243; _module_preset=&#8220;default&#8220; global_colors_info=&#8220;{}&#8220;][\/et_pb_image][et_pb_text _builder_version=&#8220;4.27.4&#8243; _module_preset=&#8220;default&#8220; global_colors_info=&#8220;{}&#8220;]<\/p>\n<p>Seit Mai 2024 bin ich zertifizierte <strong>Naturmentorin<\/strong>. Hierf\u00fcr habe ich den einj\u00e4hrigen Onlinelehrgang Wildnisp\u00e4dagogik &amp; Naturmentoring bei Wildniswind absolviert. Dieser Lehrgang hat mich sehr gepr\u00e4gt, mich zur\u00fcck zur Natur gebracht und meine Augen wieder f\u00fcr die Wunder unserer Welt ge\u00f6ffnet.\u00a0<\/p>\n<p>[\/et_pb_text][\/et_pb_column][et_pb_column type=&#8220;1_3&#8243; _builder_version=&#8220;4.27.4&#8243; _module_preset=&#8220;default&#8220; global_colors_info=&#8220;{}&#8220;][et_pb_image src=&#8220;https:\/\/nina-naturnah.at\/wp-content\/uploads\/2025\/02\/IMG_8106-scaled.jpeg&#8220; title_text=&#8220;Zertifikat_Kr\u00e4uterp\u00e4dagogin&#8220; _builder_version=&#8220;4.27.4&#8243; _module_preset=&#8220;default&#8220; global_colors_info=&#8220;{}&#8220;][\/et_pb_image][et_pb_text _builder_version=&#8220;4.27.4&#8243; _module_preset=&#8220;default&#8220; global_colors_info=&#8220;{}&#8220;]<\/p>\n<p>Seit Oktober 2024 bin ich zertifizierte <strong>Kr\u00e4uterp\u00e4dagogin<\/strong>. Mir war wichtig, dass ich eine fundierte Ausbildung im Bereich der Wildkr\u00e4uter habe, da im Internet einfach so viel unterschiedliches Wissen kursiert und darum habe ich mich f\u00fcr die einj\u00e4hrige Ausbildung bei der Naturakademie Villa Natura entschieden.\u00a0<\/p>\n<p>[\/et_pb_text][\/et_pb_column][et_pb_column type=&#8220;1_3&#8243; _builder_version=&#8220;4.27.4&#8243; _module_preset=&#8220;default&#8220; global_colors_info=&#8220;{}&#8220;][et_pb_image src=&#8220;https:\/\/nina-naturnah.at\/wp-content\/uploads\/2025\/02\/IMG_2989-scaled.jpeg&#8220; title_text=&#8220;M_Lavendel trocknen&#8220; _builder_version=&#8220;4.27.4&#8243; _module_preset=&#8220;default&#8220; global_colors_info=&#8220;{}&#8220;][\/et_pb_image][et_pb_text _builder_version=&#8220;4.27.4&#8243; _module_preset=&#8220;default&#8220; global_colors_info=&#8220;{}&#8220;]<\/p>\n<p>Seit 2019 bin ich <strong>Mama<\/strong> und seit 2022 sogar Mama von zwei wundervollen Kindern. Gerade in der warmen Jahresh\u00e4lfte verbringen wir die meiste Zeit drau\u00dfen und machen auch viele Naturaktivit\u00e4ten gemeinsam &#8211; sei es Lavendel ernten oder einfach nur herumspazieren und schauen, was es zu entdecken gibt.\u00a0<\/p>\n<p>[\/et_pb_text][\/et_pb_column][\/et_pb_row][\/et_pb_section][et_pb_section fb_built=&#8220;1&#8243; admin_label=&#8220;Call to Action&#8220; _builder_version=&#8220;4.27.4&#8243; _module_preset=&#8220;default&#8220; use_background_color_gradient=&#8220;on&#8220; background_color_gradient_type=&#8220;circular&#8220; background_color_gradient_stops=&#8220;rgba(0,0,0,0.5) 0%|#000000 100%&#8220; background_color_gradient_overlays_image=&#8220;on&#8220; background_image=&#8220;https:\/\/nina-naturnah.at\/wp-content\/uploads\/2025\/02\/IMG_3234-scaled.jpeg&#8220; custom_padding=&#8220;8%||8%||true|false&#8220; locked=&#8220;off&#8220; collapsed=&#8220;on&#8220; global_colors_info=&#8220;{}&#8220;][et_pb_row _builder_version=&#8220;4.24.1&#8243; _module_preset=&#8220;default&#8220; max_width=&#8220;800px&#8220; global_colors_info=&#8220;{}&#8220;][et_pb_column type=&#8220;4_4&#8243; _builder_version=&#8220;4.24.1&#8243; _module_preset=&#8220;default&#8220; global_colors_info=&#8220;{}&#8220;][et_pb_text _builder_version=&#8220;4.24.1&#8243; _module_preset=&#8220;ad5558c3-6040-4ac8-a636-bf082c3b16ef&#8220; header_2_text_color=&#8220;#FFFFFF&#8220; text_orientation=&#8220;center&#8220; global_colors_info=&#8220;{}&#8220;]<\/p>\n<h2><b>&#8222;Wer immer tut, was er schon kann,<\/b><span> <\/span><b>bleibt immer das, was er schon ist.&#8220;<\/b><\/h2>\n<p><span style=\"color: #ffffff;\">Henry Ford\u00a0<\/span><b><\/b><\/p>\n<p><b><\/b><\/p>\n<p>[\/et_pb_text][\/et_pb_column][\/et_pb_row][\/et_pb_section][et_pb_section fb_built=&#8220;1&#8243; admin_label=&#8220;Footer&#8220; _builder_version=&#8220;4.24.1&#8243; _module_preset=&#8220;default&#8220; background_color=&#8220;#000000&#8243; custom_padding=&#8220;|10%||10%|false|true&#8220; locked=&#8220;off&#8220; collapsed=&#8220;on&#8220; global_colors_info=&#8220;{}&#8220;][et_pb_row column_structure=&#8220;1_3,1_3,1_3&#8243; _builder_version=&#8220;4.24.2&#8243; _module_preset=&#8220;default&#8220; width=&#8220;100%&#8220; max_width=&#8220;2000px&#8220; global_colors_info=&#8220;{}&#8220;][et_pb_column type=&#8220;1_3&#8243; _builder_version=&#8220;4.24.1&#8243; _module_preset=&#8220;default&#8220; global_colors_info=&#8220;{}&#8220;][et_pb_text _builder_version=&#8220;4.27.4&#8243; _module_preset=&#8220;ea025be1-35af-4c96-8596-ef01a5148a11&#8243; header_4_text_color=&#8220;#FFFFFF&#8220; custom_margin=&#8220;||10px||false|false&#8220; text_orientation_tablet=&#8220;center&#8220; text_orientation_phone=&#8220;center&#8220; text_orientation_last_edited=&#8220;on|tablet&#8220; global_colors_info=&#8220;{}&#8220;]<\/p>\n<h4>Naturnah mit Nina<\/h4>\n<p>[\/et_pb_text][et_pb_text quote_border_color=&#8220;#FFFFFF&#8220; _builder_version=&#8220;4.27.4&#8243; _module_preset=&#8220;3837fb77-2446-475a-a2d6-c0cd120e0d3e&#8220; text_text_color=&#8220;#FFFFFF&#8220; link_text_color=&#8220;#FFFFFF&#8220; quote_text_color=&#8220;#FFFFFF&#8220; text_orientation_tablet=&#8220;center&#8220; text_orientation_phone=&#8220;center&#8220; text_orientation_last_edited=&#8220;on|tablet&#8220; global_colors_info=&#8220;{}&#8220;]<\/p>\n<p>kontakt@nina-naturnah.at<\/p>\n<p>[\/et_pb_text][\/et_pb_column][et_pb_column type=&#8220;1_3&#8243; _builder_version=&#8220;4.24.1&#8243; _module_preset=&#8220;default&#8220; global_colors_info=&#8220;{}&#8220;][et_pb_button button_url=&#8220;https:\/\/nina-naturnah.at\/?page_id=6&#8243; url_new_window=&#8220;on&#8220; button_text=&#8220;zum Blog&#8220; button_alignment=&#8220;center&#8220; _builder_version=&#8220;4.27.4&#8243; _module_preset=&#8220;35b05b30-9790-4db4-9bda-228dad50d608&#8243; global_colors_info=&#8220;{}&#8220;][\/et_pb_button][\/et_pb_column][et_pb_column type=&#8220;1_3&#8243; _builder_version=&#8220;4.24.1&#8243; _module_preset=&#8220;default&#8220; global_colors_info=&#8220;{}&#8220;][et_pb_text _builder_version=&#8220;4.27.4&#8243; _module_preset=&#8220;default&#8220; global_colors_info=&#8220;{}&#8220;]<\/p>\n<p style=\"text-align: right;\"><a href=\"https:\/\/nina-naturnah.at\/?page_id=113\">Kontakt<\/a><\/p>\n<p style=\"text-align: right;\"><a href=\"https:\/\/nina-naturnah.at\/?page_id=121\">Datenschutz<\/a><\/p>\n<p>[\/et_pb_text][\/et_pb_column][\/et_pb_row][\/et_pb_section]<\/p>\n","protected":false},"excerpt":{"rendered":"<p>ich bin nina &#8211; \u00a0und wieder naturnah seit ich mama bin.Mein Name ist Nina, genauer gesagt eigentlich Katharina. Eine sehr lange Zeit in meinem Leben war ich der Natur ganz fern. Ich war oberfl\u00e4chlich, bel\u00e4chelte &#8222;\u00d6kos&#8220; und jagte gef\u00fchlt dem beruflichen Erfolg hinterher. Bis zu dem Tag als mein Sohn unsere Welt komplett auf den [&hellip;]<\/p>\n","protected":false},"author":1,"featured_media":0,"parent":0,"menu_order":0,"comment_status":"closed","ping_status":"closed","template":"","meta":{"_et_pb_use_builder":"on","_et_pb_old_content":"","_et_gb_content_width":"","footnotes":""},"class_list":["post-39","page","type-page","status-publish","hentry"],"_links":{"self":[{"href":"https:\/\/nina-naturnah.at\/index.php?rest_route=\/wp\/v2\/pages\/39","targetHints":{"allow":["GET"]}}],"collection":[{"href":"https:\/\/nina-naturnah.at\/index.php?rest_route=\/wp\/v2\/pages"}],"about":[{"href":"https:\/\/nina-naturnah.at\/index.php?rest_route=\/wp\/v2\/types\/page"}],"author":[{"embeddable":true,"href":"https:\/\/nina-naturnah.at\/index.php?rest_route=\/wp\/v2\/users\/1"}],"replies":[{"embeddable":true,"href":"https:\/\/nina-naturnah.at\/index.php?rest_route=%2Fwp%2Fv2%2Fcomments&post=39"}],"version-history":[{"count":21,"href":"https:\/\/nina-naturnah.at\/index.php?rest_route=\/wp\/v2\/pages\/39\/revisions"}],"predecessor-version":[{"id":215,"href":"https:\/\/nina-naturnah.at\/index.php?rest_route=\/wp\/v2\/pages\/39\/revisions\/215"}],"wp:attachment":[{"href":"https:\/\/nina-naturnah.at\/index.php?rest_route=%2Fwp%2Fv2%2Fmedia&parent=39"}],"curies":[{"name":"wp","href":"https:\/\/api.w.org\/{rel}","templated":true}]}}